{"id":1093,"date":"2022-04-29T09:19:58","date_gmt":"2022-04-29T07:19:58","guid":{"rendered":"https:\/\/lud.granota.cloud\/ludivers\/inicio-espanol\/"},"modified":"2022-05-12T16:57:18","modified_gmt":"2022-05-12T14:57:18","slug":"inicio-espanol","status":"publish","type":"page","link":"https:\/\/www.ludiartis.com\/ludivers\/es\/inicio-espanol\/","title":{"rendered":"Inicio"},"content":{"rendered":"\t\t<div data-elementor-type=\"wp-page\" data-elementor-id=\"1093\" class=\"elementor elementor-1093\">\n\t\t\t\t\t\t\t\t\t<section class=\"elementor-section elementor-top-section elementor-element elementor-element-590ea6d elementor-section-full_width elementor-section-stretched elementor-section-height-default elementor-section-height-default\" data-id=\"590ea6d\" data-element_type=\"section\" data-settings=\"{&quot;stretch_section&quot;:&quot;section-stretched&quot;}\">\n\t\t\t\t\t\t<div class=\"elementor-container elementor-column-gap-no\">\n\t\t\t\t\t<div class=\"elementor-column elementor-col-50 elementor-top-column elementor-element elementor-element-9092003 elementor-hidden-mobile\" data-id=\"9092003\" data-element_type=\"column\">\n\t\t\t<div class=\"elementor-widget-wrap elementor-element-populated\">\n\t\t\t\t\t\t\t\t<div class=\"elementor-element elementor-element-ad9d7c9 elementor-widget elementor-widget-html\" data-id=\"ad9d7c9\" data-element_type=\"widget\" data-widget_type=\"html.default\">\n\t\t\t\t<div class=\"elementor-widget-container\">\n\t\t\t<div class=\"gnlud_redes\">\n\t\t\t\t<div class=\"gnweb_deco\"><\/div>\n\t\t\t\t<a href=\"\/ https:\/\/www.facebook.com\/ludiartisgamification\/\">\n\t\t\t\t\t<img decoding=\"async\" src=\"\/images\/icons\/facebook.svg\" alt=\"Logotipo Facebook\">\n\t\t\t\t<\/a>\n\t\t\t\t<a href=\"https:\/\/www.instagram.com\/ludi.artis\/\">\n\t\t\t\t\t<img decoding=\"async\" src=\"\/images\/icons\/instagram.svg\" alt=\"Logotipo Instagram\">\n\t\t\t\t<\/a>\n\t\t\t\t<a href=\"https:\/\/www.linkedin.com\/company\/ludi-artis\">\n\t\t\t\t\t<img decoding=\"async\" src=\"\/images\/icons\/linkedin.svg\" alt=\"Logotipo Instagram\">\n\t\t\t\t<\/a>\n\t\t\t\t<a href=\"https:\/\/twitter.com\/LudiArtis\">\n\t\t\t\t\t<img decoding=\"async\" src=\"\/images\/icons\/twitter.svg\" alt=\"Logotipo Twitter\">\n\t\t\t\t<\/a>\n\t\t\t\t<div class=\"gnweb_deco\"><\/div>\n\t\t\t<\/div>\t\t<\/div>\n\t\t\t\t<\/div>\n\t\t\t\t\t<\/div>\n\t\t<\/div>\n\t\t\t\t<div class=\"elementor-column elementor-col-50 elementor-top-column elementor-element elementor-element-4ffcc2b\" data-id=\"4ffcc2b\" data-element_type=\"column\" data-settings=\"{&quot;background_background&quot;:&quot;classic&quot;}\">\n\t\t\t<div class=\"elementor-widget-wrap elementor-element-populated\">\n\t\t\t\t\t\t\t\t<div class=\"elementor-element elementor-element-fe65cb3 elementor-widget elementor-widget-spacer\" data-id=\"fe65cb3\" data-element_type=\"widget\" data-widget_type=\"spacer.default\">\n\t\t\t\t<div class=\"elementor-widget-container\">\n\t\t\t<style>\/*! elementor - v3.6.4 - 13-04-2022 *\/\n.e-container.e-container--row .elementor-spacer-inner{width:var(--spacer-size)}.e-container.e-container--column .elementor-spacer-inner,.elementor-column .elementor-spacer-inner{height:var(--spacer-size)}<\/style>\t\t<div class=\"elementor-spacer\">\n\t\t\t<div class=\"elementor-spacer-inner\"><\/div>\n\t\t<\/div>\n\t\t\t\t<\/div>\n\t\t\t\t<\/div>\n\t\t\t\t<div class=\"elementor-element elementor-element-5b24027 elementor-widget elementor-widget-heading\" data-id=\"5b24027\" data-element_type=\"widget\" data-widget_type=\"heading.default\">\n\t\t\t\t<div class=\"elementor-widget-container\">\n\t\t\t<style>\/*! elementor - v3.6.4 - 13-04-2022 *\/\n.elementor-heading-title{padding:0;margin:0;line-height:1}.elementor-widget-heading .elementor-heading-title[class*=elementor-size-]>a{color:inherit;font-size:inherit;line-height:inherit}.elementor-widget-heading .elementor-heading-title.elementor-size-small{font-size:15px}.elementor-widget-heading .elementor-heading-title.elementor-size-medium{font-size:19px}.elementor-widget-heading .elementor-heading-title.elementor-size-large{font-size:29px}.elementor-widget-heading .elementor-heading-title.elementor-size-xl{font-size:39px}.elementor-widget-heading .elementor-heading-title.elementor-size-xxl{font-size:59px}<\/style><h2 class=\"elementor-heading-title elementor-size-default\">Juega con Nosotros<\/h2>\t\t<\/div>\n\t\t\t\t<\/div>\n\t\t\t\t<div class=\"elementor-element elementor-element-33b0a16 elementor-widget elementor-widget-text-editor\" data-id=\"33b0a16\" data-element_type=\"widget\" data-widget_type=\"text-editor.default\">\n\t\t\t\t<div class=\"elementor-widget-container\">\n\t\t\t<style>\/*! elementor - v3.6.4 - 13-04-2022 *\/\n.elementor-widget-text-editor.elementor-drop-cap-view-stacked .elementor-drop-cap{background-color:#818a91;color:#fff}.elementor-widget-text-editor.elementor-drop-cap-view-framed .elementor-drop-cap{color:#818a91;border:3px solid;background-color:transparent}.elementor-widget-text-editor:not(.elementor-drop-cap-view-default) .elementor-drop-cap{margin-top:8px}.elementor-widget-text-editor:not(.elementor-drop-cap-view-default) .elementor-drop-cap-letter{width:1em;height:1em}.elementor-widget-text-editor .elementor-drop-cap{float:left;text-align:center;line-height:1;font-size:50px}.elementor-widget-text-editor .elementor-drop-cap-letter{display:inline-block}<\/style>\t\t\t\t<p>Inicio &gt; Juega con nosotros<\/p>\t\t\t\t\t\t<\/div>\n\t\t\t\t<\/div>\n\t\t\t\t<div class=\"elementor-element elementor-element-c8fb497 elementor-widget elementor-widget-spacer\" data-id=\"c8fb497\" data-element_type=\"widget\" data-widget_type=\"spacer.default\">\n\t\t\t\t<div class=\"elementor-widget-container\">\n\t\t\t\t\t<div class=\"elementor-spacer\">\n\t\t\t<div class=\"elementor-spacer-inner\"><\/div>\n\t\t<\/div>\n\t\t\t\t<\/div>\n\t\t\t\t<\/div>\n\t\t\t\t\t<\/div>\n\t\t<\/div>\n\t\t\t\t\t\t\t<\/div>\n\t\t<\/section>\n\t\t\t\t<section class=\"elementor-section elementor-top-section elementor-element elementor-element-cff52b3 elementor-section-boxed elementor-section-height-default elementor-section-height-default\" data-id=\"cff52b3\" data-element_type=\"section\">\n\t\t\t\t\t\t<div class=\"elementor-container elementor-column-gap-default\">\n\t\t\t\t\t<div class=\"elementor-column elementor-col-100 elementor-top-column elementor-element elementor-element-8b60f49\" data-id=\"8b60f49\" data-element_type=\"column\">\n\t\t\t<div class=\"elementor-widget-wrap elementor-element-populated\">\n\t\t\t\t\t\t\t\t<div class=\"elementor-element elementor-element-1fe6681 elementor-widget elementor-widget-spacer\" data-id=\"1fe6681\" data-element_type=\"widget\" data-widget_type=\"spacer.default\">\n\t\t\t\t<div class=\"elementor-widget-container\">\n\t\t\t\t\t<div class=\"elementor-spacer\">\n\t\t\t<div class=\"elementor-spacer-inner\"><\/div>\n\t\t<\/div>\n\t\t\t\t<\/div>\n\t\t\t\t<\/div>\n\t\t\t\t\t<\/div>\n\t\t<\/div>\n\t\t\t\t\t\t\t<\/div>\n\t\t<\/section>\n\t\t\t\t<section class=\"elementor-section elementor-top-section elementor-element elementor-element-0e4d8ce elementor-section-boxed elementor-section-height-default elementor-section-height-default\" data-id=\"0e4d8ce\" data-element_type=\"section\">\n\t\t\t\t\t\t<div class=\"elementor-container elementor-column-gap-default\">\n\t\t\t\t\t<div class=\"elementor-column elementor-col-100 elementor-top-column elementor-element elementor-element-5c9f73f\" data-id=\"5c9f73f\" data-element_type=\"column\">\n\t\t\t<div class=\"elementor-widget-wrap elementor-element-populated\">\n\t\t\t\t\t\t\t\t<div class=\"elementor-element elementor-element-9bf31a5 elementor-widget elementor-widget-heading\" data-id=\"9bf31a5\" data-element_type=\"widget\" data-widget_type=\"heading.default\">\n\t\t\t\t<div class=\"elementor-widget-container\">\n\t\t\t<h2 class=\"elementor-heading-title elementor-size-default\">Elige la modalidad de juego que m\u00e1s te encaje<\/h2>\t\t<\/div>\n\t\t\t\t<\/div>\n\t\t\t\t<div class=\"elementor-element elementor-element-3b4eda7 elementor-widget elementor-widget-spacer\" data-id=\"3b4eda7\" data-element_type=\"widget\" data-widget_type=\"spacer.default\">\n\t\t\t\t<div class=\"elementor-widget-container\">\n\t\t\t\t\t<div class=\"elementor-spacer\">\n\t\t\t<div class=\"elementor-spacer-inner\"><\/div>\n\t\t<\/div>\n\t\t\t\t<\/div>\n\t\t\t\t<\/div>\n\t\t\t\t\t<\/div>\n\t\t<\/div>\n\t\t\t\t\t\t\t<\/div>\n\t\t<\/section>\n\t\t\t\t<section class=\"elementor-section elementor-top-section elementor-element elementor-element-41e9113 elementor-section-boxed elementor-section-height-default elementor-section-height-default\" data-id=\"41e9113\" data-element_type=\"section\">\n\t\t\t\t\t\t<div class=\"elementor-container elementor-column-gap-default\">\n\t\t\t\t\t<div class=\"elementor-column elementor-col-50 elementor-top-column elementor-element elementor-element-0ce6e3d\" data-id=\"0ce6e3d\" data-element_type=\"column\" data-settings=\"{&quot;background_background&quot;:&quot;classic&quot;}\">\n\t\t\t<div class=\"elementor-widget-wrap elementor-element-populated\">\n\t\t\t\t\t\t\t\t<section class=\"elementor-section elementor-inner-section elementor-element elementor-element-31cc058 elementor-section-boxed elementor-section-height-default elementor-section-height-default\" data-id=\"31cc058\" data-element_type=\"section\">\n\t\t\t\t\t\t<div class=\"elementor-container elementor-column-gap-default\">\n\t\t\t\t\t<div class=\"elementor-column elementor-col-50 elementor-inner-column elementor-element elementor-element-5725436\" data-id=\"5725436\" data-element_type=\"column\">\n\t\t\t<div class=\"elementor-widget-wrap elementor-element-populated\">\n\t\t\t\t\t\t\t\t<div class=\"elementor-element elementor-element-f3a3d6c elementor-widget elementor-widget-image\" data-id=\"f3a3d6c\" data-element_type=\"widget\" data-widget_type=\"image.default\">\n\t\t\t\t<div class=\"elementor-widget-container\">\n\t\t\t<style>\/*! elementor - v3.6.4 - 13-04-2022 *\/\n.elementor-widget-image{text-align:center}.elementor-widget-image a{display:inline-block}.elementor-widget-image a img[src$=\".svg\"]{width:48px}.elementor-widget-image img{vertical-align:middle;display:inline-block}<\/style>\t\t\t\t\t\t\t\t\t\t\t\t\t<a href=\"\/ludivers\/es\/tematica-juegos\/a-tu-aire\/%20class=gnlud-btns-tematicas\">\n\t\t\t\t\t\t\t<img loading=\"lazy\" decoding=\"async\" width=\"208\" height=\"206\" src=\"https:\/\/www.ludiartis.com\/ludivers\/wp-content\/uploads\/2022\/05\/juega-tumismo_1.png\" class=\"attachment-large size-large\" alt=\"\" srcset=\"https:\/\/www.ludiartis.com\/ludivers\/wp-content\/uploads\/2022\/05\/juega-tumismo_1.png 208w, https:\/\/www.ludiartis.com\/ludivers\/wp-content\/uploads\/2022\/05\/juega-tumismo_1-150x150.png 150w, https:\/\/www.ludiartis.com\/ludivers\/wp-content\/uploads\/2022\/05\/juega-tumismo_1-100x100.png 100w\" sizes=\"auto, (max-width: 208px) 100vw, 208px\" \/>\t\t\t\t\t\t\t\t<\/a>\n\t\t\t\t\t\t\t\t\t\t\t\t\t\t\t<\/div>\n\t\t\t\t<\/div>\n\t\t\t\t\t<\/div>\n\t\t<\/div>\n\t\t\t\t<div class=\"elementor-column elementor-col-50 elementor-inner-column elementor-element elementor-element-be48d9a\" data-id=\"be48d9a\" data-element_type=\"column\">\n\t\t\t<div class=\"elementor-widget-wrap elementor-element-populated\">\n\t\t\t\t\t\t\t\t<div class=\"elementor-element elementor-element-14a2c6f elementor-widget elementor-widget-html\" data-id=\"14a2c6f\" data-element_type=\"widget\" data-widget_type=\"html.default\">\n\t\t\t\t<div class=\"elementor-widget-container\">\n\t\t\t<a href=\"\/ludivers\/es\/tematica-juegos\/a-tu-aire\/\" class=\"gnlud-btns-tematicas\">\n    <h3>A tu aire<\/h3>\n    <p>Goza de una experiencia \u00fanica de forma independiente jugando y resolviendo los enigmas de los lugares tur\u00edsticos del territorio. <b>\u00bfTe atreves?<\/b><\/p>\n<\/a>\t\t<\/div>\n\t\t\t\t<\/div>\n\t\t\t\t\t<\/div>\n\t\t<\/div>\n\t\t\t\t\t\t\t<\/div>\n\t\t<\/section>\n\t\t\t\t\t<\/div>\n\t\t<\/div>\n\t\t\t\t<div class=\"elementor-column elementor-col-50 elementor-top-column elementor-element elementor-element-a9fb1b8\" data-id=\"a9fb1b8\" data-element_type=\"column\" data-settings=\"{&quot;background_background&quot;:&quot;classic&quot;}\">\n\t\t\t<div class=\"elementor-widget-wrap elementor-element-populated\">\n\t\t\t\t\t\t\t\t<section class=\"elementor-section elementor-inner-section elementor-element elementor-element-9432e26 elementor-section-boxed elementor-section-height-default elementor-section-height-default\" data-id=\"9432e26\" data-element_type=\"section\">\n\t\t\t\t\t\t<div class=\"elementor-container elementor-column-gap-default\">\n\t\t\t\t\t<div class=\"elementor-column elementor-col-50 elementor-inner-column elementor-element elementor-element-d3f2289\" data-id=\"d3f2289\" data-element_type=\"column\">\n\t\t\t<div class=\"elementor-widget-wrap elementor-element-populated\">\n\t\t\t\t\t\t\t\t<div class=\"elementor-element elementor-element-2dfbb86 elementor-widget elementor-widget-image\" data-id=\"2dfbb86\" data-element_type=\"widget\" data-widget_type=\"image.default\">\n\t\t\t\t<div class=\"elementor-widget-container\">\n\t\t\t\t\t\t\t\t\t\t\t\t\t\t\t\t<a href=\"\/ludivers\/es\/tematica-juegos\/con-director-de-juego\/%20class=gnlud-btns-tematicas\">\n\t\t\t\t\t\t\t<img loading=\"lazy\" decoding=\"async\" width=\"190\" height=\"205\" src=\"https:\/\/www.ludiartis.com\/ludivers\/wp-content\/uploads\/2022\/05\/director_1-1.png\" class=\"attachment-large size-large\" alt=\"\" \/>\t\t\t\t\t\t\t\t<\/a>\n\t\t\t\t\t\t\t\t\t\t\t\t\t\t\t<\/div>\n\t\t\t\t<\/div>\n\t\t\t\t\t<\/div>\n\t\t<\/div>\n\t\t\t\t<div class=\"elementor-column elementor-col-50 elementor-inner-column elementor-element elementor-element-855f58e\" data-id=\"855f58e\" data-element_type=\"column\">\n\t\t\t<div class=\"elementor-widget-wrap elementor-element-populated\">\n\t\t\t\t\t\t\t\t<div class=\"elementor-element elementor-element-7d5785c elementor-widget elementor-widget-html\" data-id=\"7d5785c\" data-element_type=\"widget\" data-widget_type=\"html.default\">\n\t\t\t\t<div class=\"elementor-widget-container\">\n\t\t\t<a href=\"\/ludivers\/es\/tematica-juegos\/con-director-de-juego\/\" class=\"gnlud-btns-tematicas\">\n    <h3>Con director de juego<\/h3>\n    <p>Sigue las instrucciones del gu\u00eda en una experiencia donde s\u00f3lo tendr\u00e1s que preocuparte en gozar y alcanzar el reto. <b>\u00a1Te esperamos!<\/b><\/p>\n<\/a>\t\t<\/div>\n\t\t\t\t<\/div>\n\t\t\t\t\t<\/div>\n\t\t<\/div>\n\t\t\t\t\t\t\t<\/div>\n\t\t<\/section>\n\t\t\t\t\t<\/div>\n\t\t<\/div>\n\t\t\t\t\t\t\t<\/div>\n\t\t<\/section>\n\t\t\t\t<section class=\"elementor-section elementor-top-section elementor-element elementor-element-6d6286a elementor-section-boxed elementor-section-height-default elementor-section-height-default\" data-id=\"6d6286a\" data-element_type=\"section\">\n\t\t\t\t\t\t<div class=\"elementor-container elementor-column-gap-default\">\n\t\t\t\t\t<div class=\"elementor-column elementor-col-100 elementor-top-column elementor-element elementor-element-1bd43b8\" data-id=\"1bd43b8\" data-element_type=\"column\">\n\t\t\t<div class=\"elementor-widget-wrap elementor-element-populated\">\n\t\t\t\t\t\t\t\t<div class=\"elementor-element elementor-element-00f24c7 elementor-widget elementor-widget-spacer\" data-id=\"00f24c7\" data-element_type=\"widget\" data-widget_type=\"spacer.default\">\n\t\t\t\t<div class=\"elementor-widget-container\">\n\t\t\t\t\t<div class=\"elementor-spacer\">\n\t\t\t<div class=\"elementor-spacer-inner\"><\/div>\n\t\t<\/div>\n\t\t\t\t<\/div>\n\t\t\t\t<\/div>\n\t\t\t\t\t<\/div>\n\t\t<\/div>\n\t\t\t\t\t\t\t<\/div>\n\t\t<\/section>\n\t\t\t\t<section class=\"elementor-section elementor-top-section elementor-element elementor-element-2f726ed elementor-section-boxed elementor-section-height-default elementor-section-height-default\" data-id=\"2f726ed\" data-element_type=\"section\">\n\t\t\t\t\t\t<div class=\"elementor-container elementor-column-gap-default\">\n\t\t\t\t\t<div class=\"elementor-column elementor-col-100 elementor-top-column elementor-element elementor-element-8e95886\" data-id=\"8e95886\" data-element_type=\"column\">\n\t\t\t<div class=\"elementor-widget-wrap elementor-element-populated\">\n\t\t\t\t\t\t\t\t<div class=\"elementor-element elementor-element-6c99ab1 elementor-widget elementor-widget-shortcode\" data-id=\"6c99ab1\" data-element_type=\"widget\" data-widget_type=\"shortcode.default\">\n\t\t\t\t<div class=\"elementor-widget-container\">\n\t\t\t\t\t<div class=\"elementor-shortcode\"><div class=\"woocommerce columns-3 \"><ul class=\"products columns-3\">\n\n<li class=\"product type-product post-1170 status-publish first instock product_cat-a-tu-aire has-post-thumbnail featured virtual taxable purchasable product-type-simple\" >\n\t<div class=\"gnlud-cards\">\t\n\t<div class=\"gnlud_image\">\n\t\t<a href=\"https:\/\/www.ludiartis.com\/ludivers\/es\/games\/a-tu-aire\/un-dia-al-forum-copia\/\" class=\"woocommerce-LoopProduct-link woocommerce-loop-product__link\"><img loading=\"lazy\" decoding=\"async\" width=\"300\" height=\"300\" src=\"https:\/\/www.ludiartis.com\/ludivers\/wp-content\/uploads\/2022\/04\/forum-300x300.jpg\" class=\"attachment-woocommerce_thumbnail size-woocommerce_thumbnail\" alt=\"\" srcset=\"https:\/\/www.ludiartis.com\/ludivers\/wp-content\/uploads\/2022\/04\/forum-300x300.jpg 300w, https:\/\/www.ludiartis.com\/ludivers\/wp-content\/uploads\/2022\/04\/forum-150x150.jpg 150w, https:\/\/www.ludiartis.com\/ludivers\/wp-content\/uploads\/2022\/04\/forum-100x100.jpg 100w\" sizes=\"auto, (max-width: 300px) 100vw, 300px\" \/><\/div>\n<div class=\"gnlud_categoria\">\n\t<span>\t\t# | A tu aire\t\t\n\t\t<\/span>\n\t\n\t<span class=\"price\"><span class=\"woocommerce-Price-amount amount\"><bdi>1,00&nbsp;<span class=\"woocommerce-Price-currencySymbol\">&euro;<\/span><\/bdi><\/span><\/span>\n<\/div>\n<div class=\"gnlud_info\">\n<h2 class=\"woocommerce-loop-product__title\">\u00bfQui\u00e9n hallar\u00e9is en el Forum?<\/h2>\t<div class=\"gnlud_description\">\n\t\t<p>Necesitamos descubrir el primer prohombre de Tarraco a llegar a senador en Roma.\r\n\r\n&nbsp;\r\n\r\nPero p...<\/p>\n\t<\/div>\n\t\n\t<div class=\"gnlud_btn-carr\">\n\t<\/a><a href=\"?add-to-cart=1170\" aria-describedby=\"woocommerce_loop_add_to_cart_link_describedby_1170\" data-quantity=\"1\" class=\"button product_type_simple add_to_cart_button ajax_add_to_cart\" data-product_id=\"1170\" data-product_sku=\"\" aria-label=\"Add to cart: &ldquo;\u00bfQui\u00e9n hallar\u00e9is en el Forum?&rdquo;\" rel=\"nofollow\" data-success_message=\"&ldquo;\u00bfQui\u00e9n hallar\u00e9is en el Forum?&rdquo; has been added to your cart\">Add to cart<\/a>\t<span id=\"woocommerce_loop_add_to_cart_link_describedby_1170\" class=\"screen-reader-text\">\n\t\t\t<\/span>\n\t<i class=\"fa fa-arrow-right\"><\/i>\n\t<\/div>\n<\/div>\n\n\t<\/div>\n<\/li>\n\n<li class=\"product type-product post-1679 status-publish instock product_cat-a-tu-aire has-post-thumbnail taxable shipping-taxable product-type-simple\" >\n\t<div class=\"gnlud-cards\">\t\n\t<div class=\"gnlud_image\">\n\t\t<a href=\"https:\/\/www.ludiartis.com\/ludivers\/es\/games\/a-tu-aire\/CASALS---CASA-NATAL---Ruta-Gamificada\/\" class=\"woocommerce-LoopProduct-link woocommerce-loop-product__link\"><img loading=\"lazy\" decoding=\"async\" width=\"300\" height=\"300\" src=\"https:\/\/www.ludiartis.com\/ludivers\/wp-content\/uploads\/woocommerce-placeholder-300x300.png\" class=\"woocommerce-placeholder wp-post-image\" alt=\"Placeholder\" srcset=\"https:\/\/www.ludiartis.com\/ludivers\/wp-content\/uploads\/woocommerce-placeholder-300x300.png 300w, https:\/\/www.ludiartis.com\/ludivers\/wp-content\/uploads\/woocommerce-placeholder-100x100.png 100w, https:\/\/www.ludiartis.com\/ludivers\/wp-content\/uploads\/woocommerce-placeholder-600x600.png 600w, https:\/\/www.ludiartis.com\/ludivers\/wp-content\/uploads\/woocommerce-placeholder-1024x1024.png 1024w, https:\/\/www.ludiartis.com\/ludivers\/wp-content\/uploads\/woocommerce-placeholder-150x150.png 150w, https:\/\/www.ludiartis.com\/ludivers\/wp-content\/uploads\/woocommerce-placeholder-768x768.png 768w, https:\/\/www.ludiartis.com\/ludivers\/wp-content\/uploads\/woocommerce-placeholder.png 1200w\" sizes=\"auto, (max-width: 300px) 100vw, 300px\" \/><\/div>\n<div class=\"gnlud_categoria\">\n\t<span>\t\t# | A tu aire\t\t\n\t\t<\/span>\n\t\n<\/div>\n<div class=\"gnlud_info\">\n<h2 class=\"woocommerce-loop-product__title\">CASALS &#8211; CASA NATAL &#8211; Ruta Gamificada<\/h2>\t<div class=\"gnlud_description\">\n\t\t<p>Pau Casals fue un genio capaz de transmitir, con el bello sonido de su violoncelo, su pasi\u00f3n por el...<\/p>\n\t<\/div>\n\t\n\t<div class=\"gnlud_btn-carr\">\n\t<\/a><a href=\"https:\/\/www.ludiartis.com\/ludivers\/es\/games\/a-tu-aire\/CASALS---CASA-NATAL---Ruta-Gamificada\/\" aria-describedby=\"woocommerce_loop_add_to_cart_link_describedby_1679\" data-quantity=\"1\" class=\"button product_type_simple\" data-product_id=\"1679\" data-product_sku=\"\" aria-label=\"Read more about &ldquo;CASALS - CASA NATAL - Ruta Gamificada&rdquo;\" rel=\"nofollow\" data-success_message=\"\">Read more<\/a>\t<span id=\"woocommerce_loop_add_to_cart_link_describedby_1679\" class=\"screen-reader-text\">\n\t\t\t<\/span>\n\t<i class=\"fa fa-arrow-right\"><\/i>\n\t<\/div>\n<\/div>\n\n\t<\/div>\n<\/li>\n\n<li class=\"product type-product post-1590 status-publish last instock product_cat-a-tu-aire has-post-thumbnail featured taxable shipping-taxable product-type-simple\" >\n\t<div class=\"gnlud-cards\">\t\n\t<div class=\"gnlud_image\">\n\t\t<a href=\"https:\/\/www.ludiartis.com\/ludivers\/es\/games\/a-tu-aire\/Geniales!---Antoni-Gaud\u00ed\/\" class=\"woocommerce-LoopProduct-link woocommerce-loop-product__link\"><img loading=\"lazy\" decoding=\"async\" width=\"300\" height=\"300\" src=\"https:\/\/www.ludiartis.com\/ludivers\/wp-content\/uploads\/woocommerce-placeholder-300x300.png\" class=\"woocommerce-placeholder wp-post-image\" alt=\"Placeholder\" srcset=\"https:\/\/www.ludiartis.com\/ludivers\/wp-content\/uploads\/woocommerce-placeholder-300x300.png 300w, https:\/\/www.ludiartis.com\/ludivers\/wp-content\/uploads\/woocommerce-placeholder-100x100.png 100w, https:\/\/www.ludiartis.com\/ludivers\/wp-content\/uploads\/woocommerce-placeholder-600x600.png 600w, https:\/\/www.ludiartis.com\/ludivers\/wp-content\/uploads\/woocommerce-placeholder-1024x1024.png 1024w, https:\/\/www.ludiartis.com\/ludivers\/wp-content\/uploads\/woocommerce-placeholder-150x150.png 150w, https:\/\/www.ludiartis.com\/ludivers\/wp-content\/uploads\/woocommerce-placeholder-768x768.png 768w, https:\/\/www.ludiartis.com\/ludivers\/wp-content\/uploads\/woocommerce-placeholder.png 1200w\" sizes=\"auto, (max-width: 300px) 100vw, 300px\" \/><\/div>\n<div class=\"gnlud_categoria\">\n\t<span>\t\t# | A tu aire\t\t\n\t\t<\/span>\n\t\n<\/div>\n<div class=\"gnlud_info\">\n<h2 class=\"woocommerce-loop-product__title\">Geniales! &#8211; Antoni Gaud\u00ed<\/h2>\t<div class=\"gnlud_description\">\n\t\t<p>Antoni Gaud\u00ed fue un genio, uno capaz de convertir la naturaleza de sus paisajes en todo un fen\u00f3men...<\/p>\n\t<\/div>\n\t\n\t<div class=\"gnlud_btn-carr\">\n\t<\/a><a href=\"https:\/\/www.ludiartis.com\/ludivers\/es\/games\/a-tu-aire\/Geniales!---Antoni-Gaud\u00ed\/\" aria-describedby=\"woocommerce_loop_add_to_cart_link_describedby_1590\" data-quantity=\"1\" class=\"button product_type_simple\" data-product_id=\"1590\" data-product_sku=\"\" aria-label=\"Read more about &ldquo;Geniales! - Antoni Gaud\u00ed&rdquo;\" rel=\"nofollow\" data-success_message=\"\">Read more<\/a>\t<span id=\"woocommerce_loop_add_to_cart_link_describedby_1590\" class=\"screen-reader-text\">\n\t\t\t<\/span>\n\t<i class=\"fa fa-arrow-right\"><\/i>\n\t<\/div>\n<\/div>\n\n\t<\/div>\n<\/li>\n<\/ul>\n<\/div><\/div>\n\t\t\t\t<\/div>\n\t\t\t\t<\/div>\n\t\t\t\t\t<\/div>\n\t\t<\/div>\n\t\t\t\t\t\t\t<\/div>\n\t\t<\/section>\n\t\t\t\t\t\t\t<\/div>\n\t\t","protected":false},"excerpt":{"rendered":"<p>Juega con Nosotros Inicio &gt; Juega con nosotros Elige la modalidad de juego que m\u00e1s te encaje A tu aire Goza de una experiencia \u00fanica de forma independiente jugando y resolviendo los enigmas de los lugares tur\u00edsticos del territorio. \u00bfTe atreves? Con director de juego Sigue las instrucciones del gu\u00eda en una experiencia donde s\u00f3lo [&hellip;]<\/p>\n","protected":false},"author":1,"featured_media":0,"parent":0,"menu_order":0,"comment_status":"closed","ping_status":"closed","template":"elementor_header_footer","meta":{"footnotes":""},"class_list":["post-1093","page","type-page","status-publish","hentry"],"_links":{"self":[{"href":"https:\/\/www.ludiartis.com\/ludivers\/wp-json\/wp\/v2\/pages\/1093","targetHints":{"allow":["GET"]}}],"collection":[{"href":"https:\/\/www.ludiartis.com\/ludivers\/wp-json\/wp\/v2\/pages"}],"about":[{"href":"https:\/\/www.ludiartis.com\/ludivers\/wp-json\/wp\/v2\/types\/page"}],"author":[{"embeddable":true,"href":"https:\/\/www.ludiartis.com\/ludivers\/wp-json\/wp\/v2\/users\/1"}],"replies":[{"embeddable":true,"href":"https:\/\/www.ludiartis.com\/ludivers\/wp-json\/wp\/v2\/comments?post=1093"}],"version-history":[{"count":31,"href":"https:\/\/www.ludiartis.com\/ludivers\/wp-json\/wp\/v2\/pages\/1093\/revisions"}],"predecessor-version":[{"id":1410,"href":"https:\/\/www.ludiartis.com\/ludivers\/wp-json\/wp\/v2\/pages\/1093\/revisions\/1410"}],"wp:attachment":[{"href":"https:\/\/www.ludiartis.com\/ludivers\/wp-json\/wp\/v2\/media?parent=1093"}],"curies":[{"name":"wp","href":"https:\/\/api.w.org\/{rel}","templated":true}]}}