{"id":1170,"date":"2022-05-06T09:39:08","date_gmt":"2022-05-06T07:39:08","guid":{"rendered":"https:\/\/lud.granota.cloud\/ludivers\/?post_type=product&#038;p=1170"},"modified":"2024-10-01T09:20:35","modified_gmt":"2024-10-01T07:20:35","slug":"un-dia-al-forum-copia","status":"publish","type":"product","link":"https:\/\/www.ludiartis.com\/ludivers\/es\/games\/a-tu-aire\/un-dia-al-forum-copia\/","title":{"rendered":"\u00bfQui\u00e9n hallar\u00e9is en el Forum?"},"content":{"rendered":"<p>El foro de Tarraco esconde un secreto que la Exploradora de la Historia, la Saberuda, est\u00e1 tratando de averiguar. Con la tecnolog\u00eda de la Saberuda y la ayuda de nuestros intr\u00e9pidos investigadores, debemos descubrir qui\u00e9n fue el primer habitante de Tarraco en convertirse en senador en Roma.<\/p>\n<p>&nbsp;<\/p>\n<p>La mejor de las opciones para descubrir la identidad de nuestro ilustre prohombre, es yendo al foro de la ciudad, el punto neur\u00e1lgico de la vida civil en Tarraco. All\u00ed, con la ayuda de la Saberuda, podremos interactuar con diferentes personas que participaban activamente de la vida en el foro. Los habitantes y habituales del foro pueden ayudarnos a descubrir de qui\u00e9n se trata, pero no lo har\u00e1n gratis.<\/p>\n","protected":false},"excerpt":{"rendered":"<p>Necesitamos descubrir el primer prohombre de Tarraco a llegar a senador en Roma.<\/p>\n<p>&nbsp;<\/p>\n<p>Pero para podernos ayudar, deb\u00e9is seguir los siguientes pasos:<\/p>\n<div class=\"gmail_default\">\n<ul>\n<li><strong>1. Entrad en Mis Juegos <\/strong>(\u2191 arriba del todo!)<strong>\u00a0<\/strong>y registraros (imprescindible para poder seguir el juego)<\/li>\n<li><b>2. <\/b>Una vez dentro, <b>acceded al Ludivers y a\u00f1adid al carrito el juego<\/b> de \u00ab\u00bfQui\u00e9n hallar\u00e9is en el forum?\u00bb. <b>Seguid todo el proceso de compra<\/b> (es gratuito, s\u00ed!, pero debemos seguir los pasos)<\/li>\n<li><strong>3. Ahora s\u00ed,<\/strong> entrad en Mis juegos y&#8230; <strong>preparados para jugar?<\/strong><\/li>\n<\/ul>\n<p>Y sobretodo, aseguraros que llev\u00e1is el <strong>m\u00f3vil con la bater\u00eda cargada! <\/strong>(No queremos que os qued\u00e9is a medio juego!). <strong>Si ten\u00e9is iPhone,<\/strong> aseguraros que lo ten\u00e9is actualizado!<\/p>\n<p>&nbsp;<\/p>\n<\/div>\n","protected":false},"featured_media":1142,"comment_status":"closed","ping_status":"closed","template":"","meta":[],"product_cat":[72],"product_tag":[],"class_list":{"0":"post-1170","1":"product","2":"type-product","3":"status-publish","4":"has-post-thumbnail","6":"product_cat-a-tu-aire","8":"first","9":"instock","10":"featured","11":"virtual","12":"taxable","13":"purchasable","14":"product-type-simple"},"_links":{"self":[{"href":"https:\/\/www.ludiartis.com\/ludivers\/wp-json\/wp\/v2\/product\/1170","targetHints":{"allow":["GET"]}}],"collection":[{"href":"https:\/\/www.ludiartis.com\/ludivers\/wp-json\/wp\/v2\/product"}],"about":[{"href":"https:\/\/www.ludiartis.com\/ludivers\/wp-json\/wp\/v2\/types\/product"}],"replies":[{"embeddable":true,"href":"https:\/\/www.ludiartis.com\/ludivers\/wp-json\/wp\/v2\/comments?post=1170"}],"wp:featuredmedia":[{"embeddable":true,"href":"https:\/\/www.ludiartis.com\/ludivers\/wp-json\/wp\/v2\/media\/1142"}],"wp:attachment":[{"href":"https:\/\/www.ludiartis.com\/ludivers\/wp-json\/wp\/v2\/media?parent=1170"}],"wp:term":[{"taxonomy":"product_cat","embeddable":true,"href":"https:\/\/www.ludiartis.com\/ludivers\/wp-json\/wp\/v2\/product_cat?post=1170"},{"taxonomy":"product_tag","embeddable":true,"href":"https:\/\/www.ludiartis.com\/ludivers\/wp-json\/wp\/v2\/product_tag?post=1170"}],"curies":[{"name":"wp","href":"https:\/\/api.w.org\/{rel}","templated":true}]}}