{"id":1174,"date":"2022-05-06T10:15:03","date_gmt":"2022-05-06T08:15:03","guid":{"rendered":"https:\/\/lud.granota.cloud\/ludivers\/?post_type=product&#038;p=1174"},"modified":"2024-10-16T11:19:54","modified_gmt":"2024-10-16T09:19:54","slug":"un-dia-al-forum-2","status":"publish","type":"product","link":"https:\/\/www.ludiartis.com\/ludivers\/games\/al-teu-aire-ca\/un-dia-al-forum-2\/","title":{"rendered":"Qui trobareu al f\u00f2rum?"},"content":{"rendered":"<p>El f\u00f2rum de Tarraco amaga un secret que l\u2019Exploradora de la Hist\u00f2ria, la Saberuda, est\u00e0 tractant d\u2019esbrinar. Amb la tecnologia de la Saberuda i l\u2019ajuda dels nostres intr\u00e8pids investigadors, hem de descobrir qui va ser el primer habitant de Tarraco en convertir-se en senador a Roma.<\/p>\n<p>&nbsp;<\/p>\n<p>La millor de les opcions per descobrir la identitat del nostre il\u00b7lustre prohom, \u00e9s anant al f\u00f2rum de la ciutat, el punt neur\u00e0lgic de la vida civil a Tarraco. All\u00ed, amb l\u2019ajuda de la Saberuda, podrem interactuar amb diferents persones que participaven activament de la vida al f\u00f2rum. Els habitants i habituals del f\u00f2rum ens poden ajudar a descobrir de qui es tracta, per\u00f2 no ho faran de franc.<\/p>\n<p>&nbsp;<\/p>\n<p>&nbsp;<\/p>\n<p>&nbsp;<\/p>\n","protected":false},"excerpt":{"rendered":"<p>Necessitem descobrir el primer prohom de Tarraco en arribar a senador a Roma.<\/p>\n<p>&nbsp;<\/p>\n<p>Per\u00f2 per poder-nos ajudar heu de seguir els seg\u00fcents passos:<\/p>\n<div class=\"gmail_default\">\n<ul>\n<li><strong>1r, entreu a Els Meus Jocs\u00a0<\/strong>(\u2191 dalt de tot!)<strong>\u00a0<\/strong>i registreu-vos (imprescindible per poder seguir el joc)<\/li>\n<li><b>2n,<\/b>\u00a0un cop dins,\u00a0<b>accediu al Ludivers i afegiu a la cistella el joc<\/b>\u00a0de \u00abQui trobareu al f\u00f2rum?\u00bb.\u00a0<b>Seguiu tot el proc\u00e9s de compra<\/b>\u00a0(\u00e9s gratu\u00eft, s\u00ed!, per\u00f2 hem d&#8217;anar per passos)<\/li>\n<li><strong>3r, ara s\u00ed,<\/strong>\u00a0entreu a Els meus jocs i&#8230;\u00a0<strong>preparats per jugar? <\/strong><\/li>\n<\/ul>\n<p>I sobretot, assegureu-vos que porteu el <strong>m\u00f2bil amb bateria carregada!\u00a0<\/strong>(no volem que us quedeu a mitges!). <strong>Si teniu iPhone,<\/strong> assegureu-vos que el teniu actualitzat!<\/p>\n<p>&nbsp;<\/p>\n<\/div>\n","protected":false},"featured_media":1142,"comment_status":"closed","ping_status":"closed","template":"","meta":[],"product_cat":[66],"product_tag":[],"class_list":{"0":"post-1174","1":"product","2":"type-product","3":"status-publish","4":"has-post-thumbnail","6":"product_cat-al-teu-aire-ca","8":"first","9":"instock","10":"featured","11":"virtual","12":"taxable","13":"purchasable","14":"product-type-simple"},"_links":{"self":[{"href":"https:\/\/www.ludiartis.com\/ludivers\/wp-json\/wp\/v2\/product\/1174","targetHints":{"allow":["GET"]}}],"collection":[{"href":"https:\/\/www.ludiartis.com\/ludivers\/wp-json\/wp\/v2\/product"}],"about":[{"href":"https:\/\/www.ludiartis.com\/ludivers\/wp-json\/wp\/v2\/types\/product"}],"replies":[{"embeddable":true,"href":"https:\/\/www.ludiartis.com\/ludivers\/wp-json\/wp\/v2\/comments?post=1174"}],"wp:featuredmedia":[{"embeddable":true,"href":"https:\/\/www.ludiartis.com\/ludivers\/wp-json\/wp\/v2\/media\/1142"}],"wp:attachment":[{"href":"https:\/\/www.ludiartis.com\/ludivers\/wp-json\/wp\/v2\/media?parent=1174"}],"wp:term":[{"taxonomy":"product_cat","embeddable":true,"href":"https:\/\/www.ludiartis.com\/ludivers\/wp-json\/wp\/v2\/product_cat?post=1174"},{"taxonomy":"product_tag","embeddable":true,"href":"https:\/\/www.ludiartis.com\/ludivers\/wp-json\/wp\/v2\/product_tag?post=1174"}],"curies":[{"name":"wp","href":"https:\/\/api.w.org\/{rel}","templated":true}]}}