{"id":1591,"date":"2023-01-02T18:19:02","date_gmt":"2023-01-02T16:19:02","guid":{"rendered":"https:\/\/lud.granota.cloud\/ludivers\/?post_type=product&#038;p=1591"},"modified":"2023-06-14T11:43:35","modified_gmt":"2023-06-14T09:43:35","slug":"geniales-antoni-gaudi","status":"publish","type":"product","link":"https:\/\/www.ludiartis.com\/ludivers\/games\/rgpg-ca\/geniales-antoni-gaudi\/","title":{"rendered":"Genials! &#8211; Antoni Gaud\u00ed"},"content":{"rendered":"<p>Antoni Gaud\u00ed fou un geni capa\u00e7 de transformar la naturalesa dels seus paisatges en tot un fenomen modernista. T\u00b4atreveixes a descobrir el paisatge que va inspirar aquest geni?<\/p>\n","protected":false},"excerpt":{"rendered":"<p>Antoni Gaud\u00ed fou un geni capa\u00e7 de transformar la naturalesa dels seus paisatges en tot un fenomen modernista. T\u00b4atreveixes a descobrir el paisatge que va inspirar aquest geni?<\/p>\n","protected":false},"featured_media":1644,"comment_status":"closed","ping_status":"closed","template":"","meta":[],"product_cat":[128],"product_tag":[],"class_list":{"0":"post-1591","1":"product","2":"type-product","3":"status-publish","4":"has-post-thumbnail","6":"product_cat-rgpg-ca","8":"first","9":"instock","10":"featured","11":"taxable","12":"shipping-taxable","13":"product-type-simple"},"_links":{"self":[{"href":"https:\/\/www.ludiartis.com\/ludivers\/wp-json\/wp\/v2\/product\/1591","targetHints":{"allow":["GET"]}}],"collection":[{"href":"https:\/\/www.ludiartis.com\/ludivers\/wp-json\/wp\/v2\/product"}],"about":[{"href":"https:\/\/www.ludiartis.com\/ludivers\/wp-json\/wp\/v2\/types\/product"}],"replies":[{"embeddable":true,"href":"https:\/\/www.ludiartis.com\/ludivers\/wp-json\/wp\/v2\/comments?post=1591"}],"wp:featuredmedia":[{"embeddable":true,"href":"https:\/\/www.ludiartis.com\/ludivers\/wp-json\/wp\/v2\/media\/1644"}],"wp:attachment":[{"href":"https:\/\/www.ludiartis.com\/ludivers\/wp-json\/wp\/v2\/media?parent=1591"}],"wp:term":[{"taxonomy":"product_cat","embeddable":true,"href":"https:\/\/www.ludiartis.com\/ludivers\/wp-json\/wp\/v2\/product_cat?post=1591"},{"taxonomy":"product_tag","embeddable":true,"href":"https:\/\/www.ludiartis.com\/ludivers\/wp-json\/wp\/v2\/product_tag?post=1591"}],"curies":[{"name":"wp","href":"https:\/\/api.w.org\/{rel}","templated":true}]}}